{"id":40,"date":"2024-05-23T16:38:10","date_gmt":"2024-05-23T14:38:10","guid":{"rendered":"https:\/\/www.dpebastia.arbimexdiagimmo.fr\/?page_id=40"},"modified":"2025-07-25T11:01:27","modified_gmt":"2025-07-25T09:01:27","slug":"40-2","status":"publish","type":"page","link":"https:\/\/www.dpebastia.arbimexdiagimmo.fr\/index.php\/40-2\/","title":{"rendered":"diagnostics  immobiliers BASTIA &#8211; 20200-20600 et toute la Corse"},"content":{"rendered":"\t\t<div data-elementor-type=\"wp-page\" data-elementor-id=\"40\" class=\"elementor elementor-40\">\n\t\t\t\t<div class=\"elementor-element elementor-element-1af02909 e-flex e-con-boxed e-con e-parent\" data-id=\"1af02909\" data-element_type=\"container\">\n\t\t\t\t\t<div class=\"e-con-inner\">\n\t\t\t\t<div class=\"elementor-element elementor-element-4752cf35 elementor-widget elementor-widget-text-editor\" data-id=\"4752cf35\" data-element_type=\"widget\" data-widget_type=\"text-editor.default\">\n\t\t\t\t<div class=\"elementor-widget-container\">\n\t\t\t\t\t\t\t\t\t<h1 class=\"wp-block-heading\">AUDIT ENERGETIQUE BASTIA &#8211; 20200<\/h1>\n<p><!-- \/wp:heading --><!-- wp:paragraph --><\/p>\n<p>Si vous avez besoin d&rsquo;un professionnel certifi\u00e9 pour votre projet de vente ou de location immobili\u00e8re sur Bastia<\/p>\n<p><!-- \/wp:paragraph --><!-- wp:paragraph --><\/p>\n<p>Cherchez-vous \u00e0 contacter un professionnel de l&rsquo;audit \u00e9nerg\u00e9tique pour expertiser, r\u00e9nover, vendre votre bien immobilier ?<\/p>\n<p><!-- \/wp:paragraph --><!-- wp:paragraph --><\/p>\n<p>Ne tardez pas \u00e0 nous contacter .<\/p>\n<p><!-- \/wp:paragraph --><!-- wp:paragraph --><\/p>\n<p>Nous ferons le n\u00e9cessaire pour vous effectuer rapidement vos expertises immobili\u00e8res sur\u00a0 Bastia et toute la Corse.<\/p>\n<p><!-- \/wp:paragraph --><!-- wp:gutenberg-wpgmza\/block \/--><\/p>\t\t\t\t\t\t\t\t<\/div>\n\t\t\t\t<\/div>\n\t\t\t\t\t<\/div>\n\t\t\t\t<\/div>\n\t\t\t\t<\/div>\n\t\t","protected":false},"excerpt":{"rendered":"<p>AUDIT ENERGETIQUE BASTIA &#8211; 20200 Si vous avez besoin d&rsquo;un professionnel certifi\u00e9 pour votre projet de vente ou de location immobili\u00e8re sur Bastia Cherchez-vous \u00e0 contacter un professionnel de l&rsquo;audit \u00e9nerg\u00e9tique pour expertiser, r\u00e9nover, vendre votre bien immobilier ? Ne tardez pas \u00e0 nous contacter . Nous ferons le n\u00e9cessaire pour vous effectuer rapidement vos&#8230;<\/p>\n","protected":false},"author":1,"featured_media":0,"parent":0,"menu_order":0,"comment_status":"closed","ping_status":"closed","template":"","meta":{"footnotes":""},"class_list":["post-40","page","type-page","status-publish","hentry"],"yoast_head":"<!-- This site is optimized with the Yoast SEO plugin v25.6 - https:\/\/yoast.com\/wordpress\/plugins\/seo\/ -->\n<title>diagnostics immobiliers BASTIA - 20200-20600 et toute la Corse - AUDITS ENERGETIQUE TOUT BATIMENT SUR LA CORSE Contact : 06 41 45 39 57 @:arbimex.sarl@gmail.com<\/title>\n<meta name=\"description\" content=\"AUDITS ENERGETIQUE TOUT BATIMENT SUR LA CORSE Contact : 06 41 45 39 57 @:arbimex.sarl@gmail.com - diagnostics immobiliers BASTIA - 20200-20600 et toute la Corse - %\" \/>\n<meta name=\"robots\" content=\"index, follow, max-snippet:-1, max-image-preview:large, max-video-preview:-1\" \/>\n<link rel=\"canonical\" href=\"https:\/\/www.dpebastia.arbimexdiagimmo.fr\/index.php\/40-2\/\" \/>\n<meta property=\"og:locale\" content=\"fr_FR\" \/>\n<meta property=\"og:type\" content=\"article\" \/>\n<meta property=\"og:title\" content=\"AUDITS ENERGETIQUE TOUT BATIMENT SUR LA CORSE Contact : 06 41 45 39 57 @:arbimex.sarl@gmail.com - diagnostics immobiliers BASTIA - 20200-20600 et toute la Corse\" \/>\n<meta property=\"og:description\" content=\"Votre DPE du Cap Corse \u00e0 Al\u00e9ria en passant par Corte, Calvi, Ile Rousse, Saint Florent et Bastia\" \/>\n<meta property=\"og:url\" content=\"https:\/\/www.dpebastia.arbimexdiagimmo.fr\/index.php\/40-2\/\" \/>\n<meta property=\"og:site_name\" content=\"AUDITS ENERGETIQUE TOUT BATIMENT SUR LA CORSE Contact : 06 41 45 39 57 @:arbimex.sarl@gmail.com\" \/>\n<meta property=\"article:modified_time\" content=\"2025-07-25T09:01:27+00:00\" \/>\n<meta name=\"twitter:card\" content=\"summary_large_image\" \/>\n<meta name=\"twitter:title\" content=\"diagnostics immobiliers BASTIA - 20200-20600 et toute la Corse - AUDITS ENERGETIQUE TOUT BATIMENT SUR LA CORSE Contact : 06 41 45 39 57 @:arbimex.sarl@gmail.com\" \/>\n<meta name=\"twitter:description\" content=\"Votre DPE du Cap Corse \u00e0 Al\u00e9ria en passant par Corte, Calvi, Ile Rousse, Saint Florent et Bastia\" \/>\n<meta name=\"twitter:label1\" content=\"Dur\u00e9e de lecture estim\u00e9e\" \/>\n\t<meta name=\"twitter:data1\" content=\"1 minute\" \/>\n<script type=\"application\/ld+json\" class=\"yoast-schema-graph\">{\"@context\":\"https:\/\/schema.org\",\"@graph\":[{\"@type\":\"WebPage\",\"@id\":\"https:\/\/www.dpebastia.arbimexdiagimmo.fr\/index.php\/40-2\/\",\"url\":\"https:\/\/www.dpebastia.arbimexdiagimmo.fr\/index.php\/40-2\/\",\"name\":\"diagnostics immobiliers BASTIA - 20200-20600 et toute la Corse - AUDITS ENERGETIQUE TOUT BATIMENT SUR LA CORSE Contact : 06 41 45 39 57 @:arbimex.sarl@gmail.com\",\"isPartOf\":{\"@id\":\"https:\/\/www.dpebastia.arbimexdiagimmo.fr\/#website\"},\"datePublished\":\"2024-05-23T14:38:10+00:00\",\"dateModified\":\"2025-07-25T09:01:27+00:00\",\"description\":\"AUDITS ENERGETIQUE TOUT BATIMENT SUR LA CORSE Contact : 06 41 45 39 57 @:arbimex.sarl@gmail.com - diagnostics immobiliers BASTIA - 20200-20600 et toute la Corse - %\",\"breadcrumb\":{\"@id\":\"https:\/\/www.dpebastia.arbimexdiagimmo.fr\/index.php\/40-2\/#breadcrumb\"},\"inLanguage\":\"fr-FR\",\"potentialAction\":[{\"@type\":\"ReadAction\",\"target\":[\"https:\/\/www.dpebastia.arbimexdiagimmo.fr\/index.php\/40-2\/\"]}]},{\"@type\":\"BreadcrumbList\",\"@id\":\"https:\/\/www.dpebastia.arbimexdiagimmo.fr\/index.php\/40-2\/#breadcrumb\",\"itemListElement\":[{\"@type\":\"ListItem\",\"position\":1,\"name\":\"Accueil\",\"item\":\"https:\/\/www.dpebastia.arbimexdiagimmo.fr\/\"},{\"@type\":\"ListItem\",\"position\":2,\"name\":\"diagnostics immobiliers BASTIA &#8211; 20200-20600 et toute la Corse\"}]},{\"@type\":\"WebSite\",\"@id\":\"https:\/\/www.dpebastia.arbimexdiagimmo.fr\/#website\",\"url\":\"https:\/\/www.dpebastia.arbimexdiagimmo.fr\/\",\"name\":\"ARBIMEX DIAG IMMO\",\"description\":\"Des experts  de l&#039;audit \u00e9nerg\u00e9tique RGE \u00e9tude  \",\"publisher\":{\"@id\":\"https:\/\/www.dpebastia.arbimexdiagimmo.fr\/#organization\"},\"potentialAction\":[{\"@type\":\"SearchAction\",\"target\":{\"@type\":\"EntryPoint\",\"urlTemplate\":\"https:\/\/www.dpebastia.arbimexdiagimmo.fr\/?s={search_term_string}\"},\"query-input\":{\"@type\":\"PropertyValueSpecification\",\"valueRequired\":true,\"valueName\":\"search_term_string\"}}],\"inLanguage\":\"fr-FR\"},{\"@type\":\"Organization\",\"@id\":\"https:\/\/www.dpebastia.arbimexdiagimmo.fr\/#organization\",\"name\":\"ARBIMEX DIAG IMMO\",\"url\":\"https:\/\/www.dpebastia.arbimexdiagimmo.fr\/\",\"logo\":{\"@type\":\"ImageObject\",\"inLanguage\":\"fr-FR\",\"@id\":\"https:\/\/www.dpebastia.arbimexdiagimmo.fr\/#\/schema\/logo\/image\/\",\"url\":\"https:\/\/www.dpebastia.arbimexdiagimmo.fr\/wp-content\/uploads\/2024\/05\/logo-diagimmo.jpg\",\"contentUrl\":\"https:\/\/www.dpebastia.arbimexdiagimmo.fr\/wp-content\/uploads\/2024\/05\/logo-diagimmo.jpg\",\"width\":535,\"height\":487,\"caption\":\"ARBIMEX DIAG IMMO\"},\"image\":{\"@id\":\"https:\/\/www.dpebastia.arbimexdiagimmo.fr\/#\/schema\/logo\/image\/\"},\"sameAs\":[\"https:\/\/www.instagram.com\/arbimexbureaudetude\/\",\"https:\/\/www.pagesjaunes.fr\/pros\/62882083?code_localite=22003300&code_rubrique=30050100\"]}]}<\/script>\n<!-- \/ Yoast SEO plugin. -->","yoast_head_json":{"title":"diagnostics immobiliers BASTIA - 20200-20600 et toute la Corse - AUDITS ENERGETIQUE TOUT BATIMENT SUR LA CORSE Contact : 06 41 45 39 57 @:arbimex.sarl@gmail.com","description":"AUDITS ENERGETIQUE TOUT BATIMENT SUR LA CORSE Contact : 06 41 45 39 57 @:arbimex.sarl@gmail.com - diagnostics immobiliers BASTIA - 20200-20600 et toute la Corse - %","robots":{"index":"index","follow":"follow","max-snippet":"max-snippet:-1","max-image-preview":"max-image-preview:large","max-video-preview":"max-video-preview:-1"},"canonical":"https:\/\/www.dpebastia.arbimexdiagimmo.fr\/index.php\/40-2\/","og_locale":"fr_FR","og_type":"article","og_title":"AUDITS ENERGETIQUE TOUT BATIMENT SUR LA CORSE Contact : 06 41 45 39 57 @:arbimex.sarl@gmail.com - diagnostics immobiliers BASTIA - 20200-20600 et toute la Corse","og_description":"Votre DPE du Cap Corse \u00e0 Al\u00e9ria en passant par Corte, Calvi, Ile Rousse, Saint Florent et Bastia","og_url":"https:\/\/www.dpebastia.arbimexdiagimmo.fr\/index.php\/40-2\/","og_site_name":"AUDITS ENERGETIQUE TOUT BATIMENT SUR LA CORSE Contact : 06 41 45 39 57 @:arbimex.sarl@gmail.com","article_modified_time":"2025-07-25T09:01:27+00:00","twitter_card":"summary_large_image","twitter_title":"diagnostics immobiliers BASTIA - 20200-20600 et toute la Corse - AUDITS ENERGETIQUE TOUT BATIMENT SUR LA CORSE Contact : 06 41 45 39 57 @:arbimex.sarl@gmail.com","twitter_description":"Votre DPE du Cap Corse \u00e0 Al\u00e9ria en passant par Corte, Calvi, Ile Rousse, Saint Florent et Bastia","twitter_misc":{"Dur\u00e9e de lecture estim\u00e9e":"1 minute"},"schema":{"@context":"https:\/\/schema.org","@graph":[{"@type":"WebPage","@id":"https:\/\/www.dpebastia.arbimexdiagimmo.fr\/index.php\/40-2\/","url":"https:\/\/www.dpebastia.arbimexdiagimmo.fr\/index.php\/40-2\/","name":"diagnostics immobiliers BASTIA - 20200-20600 et toute la Corse - AUDITS ENERGETIQUE TOUT BATIMENT SUR LA CORSE Contact : 06 41 45 39 57 @:arbimex.sarl@gmail.com","isPartOf":{"@id":"https:\/\/www.dpebastia.arbimexdiagimmo.fr\/#website"},"datePublished":"2024-05-23T14:38:10+00:00","dateModified":"2025-07-25T09:01:27+00:00","description":"AUDITS ENERGETIQUE TOUT BATIMENT SUR LA CORSE Contact : 06 41 45 39 57 @:arbimex.sarl@gmail.com - diagnostics immobiliers BASTIA - 20200-20600 et toute la Corse - %","breadcrumb":{"@id":"https:\/\/www.dpebastia.arbimexdiagimmo.fr\/index.php\/40-2\/#breadcrumb"},"inLanguage":"fr-FR","potentialAction":[{"@type":"ReadAction","target":["https:\/\/www.dpebastia.arbimexdiagimmo.fr\/index.php\/40-2\/"]}]},{"@type":"BreadcrumbList","@id":"https:\/\/www.dpebastia.arbimexdiagimmo.fr\/index.php\/40-2\/#breadcrumb","itemListElement":[{"@type":"ListItem","position":1,"name":"Accueil","item":"https:\/\/www.dpebastia.arbimexdiagimmo.fr\/"},{"@type":"ListItem","position":2,"name":"diagnostics immobiliers BASTIA &#8211; 20200-20600 et toute la Corse"}]},{"@type":"WebSite","@id":"https:\/\/www.dpebastia.arbimexdiagimmo.fr\/#website","url":"https:\/\/www.dpebastia.arbimexdiagimmo.fr\/","name":"ARBIMEX DIAG IMMO","description":"Des experts  de l&#039;audit \u00e9nerg\u00e9tique RGE \u00e9tude  ","publisher":{"@id":"https:\/\/www.dpebastia.arbimexdiagimmo.fr\/#organization"},"potentialAction":[{"@type":"SearchAction","target":{"@type":"EntryPoint","urlTemplate":"https:\/\/www.dpebastia.arbimexdiagimmo.fr\/?s={search_term_string}"},"query-input":{"@type":"PropertyValueSpecification","valueRequired":true,"valueName":"search_term_string"}}],"inLanguage":"fr-FR"},{"@type":"Organization","@id":"https:\/\/www.dpebastia.arbimexdiagimmo.fr\/#organization","name":"ARBIMEX DIAG IMMO","url":"https:\/\/www.dpebastia.arbimexdiagimmo.fr\/","logo":{"@type":"ImageObject","inLanguage":"fr-FR","@id":"https:\/\/www.dpebastia.arbimexdiagimmo.fr\/#\/schema\/logo\/image\/","url":"https:\/\/www.dpebastia.arbimexdiagimmo.fr\/wp-content\/uploads\/2024\/05\/logo-diagimmo.jpg","contentUrl":"https:\/\/www.dpebastia.arbimexdiagimmo.fr\/wp-content\/uploads\/2024\/05\/logo-diagimmo.jpg","width":535,"height":487,"caption":"ARBIMEX DIAG IMMO"},"image":{"@id":"https:\/\/www.dpebastia.arbimexdiagimmo.fr\/#\/schema\/logo\/image\/"},"sameAs":["https:\/\/www.instagram.com\/arbimexbureaudetude\/","https:\/\/www.pagesjaunes.fr\/pros\/62882083?code_localite=22003300&code_rubrique=30050100"]}]}},"_links":{"self":[{"href":"https:\/\/www.dpebastia.arbimexdiagimmo.fr\/index.php\/wp-json\/wp\/v2\/pages\/40","targetHints":{"allow":["GET"]}}],"collection":[{"href":"https:\/\/www.dpebastia.arbimexdiagimmo.fr\/index.php\/wp-json\/wp\/v2\/pages"}],"about":[{"href":"https:\/\/www.dpebastia.arbimexdiagimmo.fr\/index.php\/wp-json\/wp\/v2\/types\/page"}],"author":[{"embeddable":true,"href":"https:\/\/www.dpebastia.arbimexdiagimmo.fr\/index.php\/wp-json\/wp\/v2\/users\/1"}],"replies":[{"embeddable":true,"href":"https:\/\/www.dpebastia.arbimexdiagimmo.fr\/index.php\/wp-json\/wp\/v2\/comments?post=40"}],"version-history":[{"count":20,"href":"https:\/\/www.dpebastia.arbimexdiagimmo.fr\/index.php\/wp-json\/wp\/v2\/pages\/40\/revisions"}],"predecessor-version":[{"id":241,"href":"https:\/\/www.dpebastia.arbimexdiagimmo.fr\/index.php\/wp-json\/wp\/v2\/pages\/40\/revisions\/241"}],"wp:attachment":[{"href":"https:\/\/www.dpebastia.arbimexdiagimmo.fr\/index.php\/wp-json\/wp\/v2\/media?parent=40"}],"curies":[{"name":"wp","href":"https:\/\/api.w.org\/{rel}","templated":true}]}}