{"id":48,"date":"2024-05-23T17:11:40","date_gmt":"2024-05-23T15:11:40","guid":{"rendered":"https:\/\/www.dpebastia.arbimexdiagimmo.fr\/?page_id=48"},"modified":"2025-01-22T06:22:29","modified_gmt":"2025-01-22T05:22:29","slug":"dpe-borgo-20290","status":"publish","type":"page","link":"https:\/\/www.dpebastia.arbimexdiagimmo.fr\/index.php\/dpe-borgo-20290\/","title":{"rendered":"Diagnostics immobiliers BORGO &#8211; 20290"},"content":{"rendered":"\n<p>Si vous avez besoin d\u2019un professionnel certifi\u00e9 pour votre projet de vente ou de location immobili\u00e8re sur Bastia<\/p>\n\n\n\n<p>Cherchez-vous \u00e0 contacter un diagnostiqueur pour r\u00e9aliser le diagnostic de performance \u00e9nerg\u00e9tique de votre bien immobilier ?<\/p>\n\n\n\n<p>Ne tardez pas \u00e0 nous contacter .<\/p>\n\n\n\n<p>Nous ferons le n\u00e9cessaire pour vous effectuer rapidement vos diagnostics immobiliers sur Borgo.<\/p>\n\n\n<div id=\"wpgmza_map\" class=\"wpgmza_map\" data-settings='{\"id\":\"1\",\"map_title\":\"DPE Bastia 20200 20600\",\"map_width\":\"100\",\"map_height\":\"400\",\"map_start_lat\":\"42.55415239999999\",\"map_start_lng\":\"9.4277361\",\"map_start_location\":\"45.950464398418106,-109.81550500000003\",\"map_start_zoom\":\"8\",\"default_marker\":\"\",\"type\":\"0\",\"alignment\":\"4\",\"directions_enabled\":\"0\",\"styling_enabled\":\"0\",\"styling_json\":\"\",\"active\":\"0\",\"kml\":\"\",\"bicycle\":\"0\",\"traffic\":\"0\",\"dbox\":\"0\",\"dbox_width\":\"\",\"listmarkers\":\"0\",\"listmarkers_advanced\":\"0\",\"filterbycat\":\"0\",\"ugm_enabled\":\"0\",\"ugm_category_enabled\":\"0\",\"fusion\":\"\",\"map_width_type\":\"%\",\"map_height_type\":\"px\",\"mass_marker_support\":\"0\",\"ugm_access\":\"0\",\"order_markers_by\":\"0\",\"order_markers_choice\":\"0\",\"show_user_location\":\"0\",\"default_to\":\"\",\"other_settings\":{\"map_type\":1,\"sl_stroke_color\":\"\",\"sl_fill_color\":\"\",\"sl_stroke_opacity\":\"\",\"sl_fill_opacity\":\"\",\"transport_layer\":false,\"action\":\"wpgmza_save_map\",\"redirect_to\":\"\\\/wp-admin\\\/admin-post.php\",\"map_id\":\"1\",\"http_referer\":\"\\\/wp-admin\\\/admin.php?page=wp-google-maps-menu&amp;amp;action=edit&amp;amp;map_id=1\",\"wpgmza_id\":\"1\",\"wpgmza_start_location\":\"42.55415239999999,9.4277361\",\"wpgmza_start_zoom\":\"8\",\"store_locator_enabled\":false,\"store_locator_search_area\":\"radial\",\"wpgmza_store_locator_radius_style\":\"legacy\",\"wpgmza_store_locator_default_radius\":\"10\",\"store_locator_auto_area_max_zoom\":\"\",\"store_locator_distance\":false,\"wpgmza_store_locator_position\":false,\"store_locator_show_distance\":false,\"store_locator_category\":false,\"wpgmza_store_locator_use_their_location\":false,\"wpgmza_store_locator_bounce\":false,\"wpgmza_sl_animation\":null,\"wpgmza_store_locator_hide_before_search\":false,\"store_locator_query_string\":\"\",\"store_locator_location_placeholder\":\"\",\"store_locator_default_address\":\"\",\"store_locator_name_search\":false,\"store_locator_name_string\":\"\",\"store_locator_not_found_message\":\"\",\"wpgmza_map_align\":\"1\",\"jump_to_nearest_marker_on_initialization\":false,\"automatically_pan_to_users_location\":false,\"override_users_location_zoom_level\":false,\"override_users_location_zoom_levels\":\"\",\"show_distance_from_location\":false,\"map_max_zoom\":\"21\",\"map_min_zoom\":\"0\",\"click_open_link\":false,\"fit_maps_bounds_to_markers\":false,\"fit_maps_bounds_to_markers_after_filtering\":false,\"hide_point_of_interest\":false,\"wpgmza_zoom_on_marker_click\":false,\"wpgmza_zoom_on_marker_click_slider\":\"\",\"close_infowindow_on_map_click\":false,\"disable_lightbox_images\":false,\"use_Raw_Jpeg_Coordinates\":false,\"disable_polygon_info_windows\":false,\"enable_marker_ratings\":false,\"only_load_markers_within_viewport\":false,\"zoom_level_mobile_override_enabled\":false,\"zoom_level_mobile_override\":\"\",\"iw_primary_color\":\"#000000\",\"iw_accent_color\":\"#000000\",\"iw_text_color\":\"#000000\",\"wpgmza_listmarkers_by\":\"0\",\"wpgmza_marker_listing_position\":false,\"zoom_level_on_marker_listing_override\":false,\"zoom_level_on_marker_listing_click\":\"\",\"marker_listing_disable_zoom\":false,\"datatable_no_result_message\":\"\",\"remove_search_box_datables\":false,\"dataTable_pagination_style\":null,\"datatable_search_string\":\"\",\"datatable_result_start\":\"\",\"datatable_result_of\":\"\",\"datatable_result_to\":\"\",\"datatable_result_total\":\"\",\"datatable_result_show\":\"\",\"datatable_result_entries\":\"\",\"wpgmza_savemap\":\"Enregistrer la carte \\u00bb\"}}' data-map-id='1' Data-maps-engine='open-layers' data-shortcode-attributes='{\"id\":\"1\"}' style=\"display:block; overflow:auto; width:100%; height:400px; float:left;\"><\/div>\n\n\n<p><\/p>\n","protected":false},"excerpt":{"rendered":"<p>Si vous avez besoin d\u2019un professionnel certifi\u00e9 pour votre projet de vente ou de location immobili\u00e8re sur Bastia Cherchez-vous \u00e0 contacter un diagnostiqueur pour r\u00e9aliser le diagnostic de performance \u00e9nerg\u00e9tique de votre bien immobilier ? Ne tardez pas \u00e0 nous contacter . Nous ferons le n\u00e9cessaire pour vous effectuer rapidement vos diagnostics immobiliers sur Borgo.<\/p>\n","protected":false},"author":1,"featured_media":0,"parent":0,"menu_order":0,"comment_status":"closed","ping_status":"closed","template":"","meta":{"footnotes":""},"class_list":["post-48","page","type-page","status-publish","hentry"],"yoast_head":"<!-- This site is optimized with the Yoast SEO plugin v25.6 - https:\/\/yoast.com\/wordpress\/plugins\/seo\/ -->\n<title>Diagnostics immobiliers BORGO - 20290 - AUDITS ENERGETIQUE TOUT BATIMENT SUR LA CORSE Contact : 06 41 45 39 57 @:arbimex.sarl@gmail.com<\/title>\n<meta name=\"description\" content=\"AUDITS ENERGETIQUE TOUT BATIMENT SUR LA CORSE Contact : 06 41 45 39 57 @:arbimex.sarl@gmail.com - Diagnostics immobiliers BORGO - 20290\" \/>\n<meta name=\"robots\" content=\"index, follow, max-snippet:-1, max-image-preview:large, max-video-preview:-1\" \/>\n<link rel=\"canonical\" href=\"https:\/\/www.dpebastia.arbimexdiagimmo.fr\/index.php\/dpe-borgo-20290\/\" \/>\n<meta property=\"og:locale\" content=\"fr_FR\" \/>\n<meta property=\"og:type\" content=\"article\" \/>\n<meta property=\"og:title\" content=\"Diagnostics immobiliers BORGO - 20290 - AUDITS ENERGETIQUE TOUT BATIMENT SUR LA CORSE Contact : 06 41 45 39 57 @:arbimex.sarl@gmail.com\" \/>\n<meta property=\"og:description\" content=\"AUDITS ENERGETIQUE TOUT BATIMENT SUR LA CORSE Contact : 06 41 45 39 57 @:arbimex.sarl@gmail.com - Diagnostics immobiliers BORGO - 20290\" \/>\n<meta property=\"og:url\" content=\"https:\/\/www.dpebastia.arbimexdiagimmo.fr\/index.php\/dpe-borgo-20290\/\" \/>\n<meta property=\"og:site_name\" content=\"AUDITS ENERGETIQUE TOUT BATIMENT SUR LA CORSE Contact : 06 41 45 39 57 @:arbimex.sarl@gmail.com\" \/>\n<meta property=\"article:modified_time\" content=\"2025-01-22T05:22:29+00:00\" \/>\n<meta name=\"twitter:card\" content=\"summary_large_image\" \/>\n<meta name=\"twitter:label1\" content=\"Dur\u00e9e de lecture estim\u00e9e\" \/>\n\t<meta name=\"twitter:data1\" content=\"1 minute\" \/>\n<script type=\"application\/ld+json\" class=\"yoast-schema-graph\">{\"@context\":\"https:\/\/schema.org\",\"@graph\":[{\"@type\":\"WebPage\",\"@id\":\"https:\/\/www.dpebastia.arbimexdiagimmo.fr\/index.php\/dpe-borgo-20290\/\",\"url\":\"https:\/\/www.dpebastia.arbimexdiagimmo.fr\/index.php\/dpe-borgo-20290\/\",\"name\":\"Diagnostics immobiliers BORGO - 20290 - AUDITS ENERGETIQUE TOUT BATIMENT SUR LA CORSE Contact : 06 41 45 39 57 @:arbimex.sarl@gmail.com\",\"isPartOf\":{\"@id\":\"https:\/\/www.dpebastia.arbimexdiagimmo.fr\/#website\"},\"datePublished\":\"2024-05-23T15:11:40+00:00\",\"dateModified\":\"2025-01-22T05:22:29+00:00\",\"description\":\"AUDITS ENERGETIQUE TOUT BATIMENT SUR LA CORSE Contact : 06 41 45 39 57 @:arbimex.sarl@gmail.com - Diagnostics immobiliers BORGO - 20290\",\"breadcrumb\":{\"@id\":\"https:\/\/www.dpebastia.arbimexdiagimmo.fr\/index.php\/dpe-borgo-20290\/#breadcrumb\"},\"inLanguage\":\"fr-FR\",\"potentialAction\":[{\"@type\":\"ReadAction\",\"target\":[\"https:\/\/www.dpebastia.arbimexdiagimmo.fr\/index.php\/dpe-borgo-20290\/\"]}]},{\"@type\":\"BreadcrumbList\",\"@id\":\"https:\/\/www.dpebastia.arbimexdiagimmo.fr\/index.php\/dpe-borgo-20290\/#breadcrumb\",\"itemListElement\":[{\"@type\":\"ListItem\",\"position\":1,\"name\":\"Accueil\",\"item\":\"https:\/\/www.dpebastia.arbimexdiagimmo.fr\/\"},{\"@type\":\"ListItem\",\"position\":2,\"name\":\"Diagnostics immobiliers BORGO &#8211; 20290\"}]},{\"@type\":\"WebSite\",\"@id\":\"https:\/\/www.dpebastia.arbimexdiagimmo.fr\/#website\",\"url\":\"https:\/\/www.dpebastia.arbimexdiagimmo.fr\/\",\"name\":\"ARBIMEX DIAG IMMO\",\"description\":\"Des experts  de l&#039;audit \u00e9nerg\u00e9tique RGE \u00e9tude  \",\"publisher\":{\"@id\":\"https:\/\/www.dpebastia.arbimexdiagimmo.fr\/#organization\"},\"potentialAction\":[{\"@type\":\"SearchAction\",\"target\":{\"@type\":\"EntryPoint\",\"urlTemplate\":\"https:\/\/www.dpebastia.arbimexdiagimmo.fr\/?s={search_term_string}\"},\"query-input\":{\"@type\":\"PropertyValueSpecification\",\"valueRequired\":true,\"valueName\":\"search_term_string\"}}],\"inLanguage\":\"fr-FR\"},{\"@type\":\"Organization\",\"@id\":\"https:\/\/www.dpebastia.arbimexdiagimmo.fr\/#organization\",\"name\":\"ARBIMEX DIAG IMMO\",\"url\":\"https:\/\/www.dpebastia.arbimexdiagimmo.fr\/\",\"logo\":{\"@type\":\"ImageObject\",\"inLanguage\":\"fr-FR\",\"@id\":\"https:\/\/www.dpebastia.arbimexdiagimmo.fr\/#\/schema\/logo\/image\/\",\"url\":\"https:\/\/www.dpebastia.arbimexdiagimmo.fr\/wp-content\/uploads\/2024\/05\/logo-diagimmo.jpg\",\"contentUrl\":\"https:\/\/www.dpebastia.arbimexdiagimmo.fr\/wp-content\/uploads\/2024\/05\/logo-diagimmo.jpg\",\"width\":535,\"height\":487,\"caption\":\"ARBIMEX DIAG IMMO\"},\"image\":{\"@id\":\"https:\/\/www.dpebastia.arbimexdiagimmo.fr\/#\/schema\/logo\/image\/\"},\"sameAs\":[\"https:\/\/www.instagram.com\/arbimexbureaudetude\/\",\"https:\/\/www.pagesjaunes.fr\/pros\/62882083?code_localite=22003300&code_rubrique=30050100\"]}]}<\/script>\n<!-- \/ Yoast SEO plugin. -->","yoast_head_json":{"title":"Diagnostics immobiliers BORGO - 20290 - AUDITS ENERGETIQUE TOUT BATIMENT SUR LA CORSE Contact : 06 41 45 39 57 @:arbimex.sarl@gmail.com","description":"AUDITS ENERGETIQUE TOUT BATIMENT SUR LA CORSE Contact : 06 41 45 39 57 @:arbimex.sarl@gmail.com - Diagnostics immobiliers BORGO - 20290","robots":{"index":"index","follow":"follow","max-snippet":"max-snippet:-1","max-image-preview":"max-image-preview:large","max-video-preview":"max-video-preview:-1"},"canonical":"https:\/\/www.dpebastia.arbimexdiagimmo.fr\/index.php\/dpe-borgo-20290\/","og_locale":"fr_FR","og_type":"article","og_title":"Diagnostics immobiliers BORGO - 20290 - AUDITS ENERGETIQUE TOUT BATIMENT SUR LA CORSE Contact : 06 41 45 39 57 @:arbimex.sarl@gmail.com","og_description":"AUDITS ENERGETIQUE TOUT BATIMENT SUR LA CORSE Contact : 06 41 45 39 57 @:arbimex.sarl@gmail.com - Diagnostics immobiliers BORGO - 20290","og_url":"https:\/\/www.dpebastia.arbimexdiagimmo.fr\/index.php\/dpe-borgo-20290\/","og_site_name":"AUDITS ENERGETIQUE TOUT BATIMENT SUR LA CORSE Contact : 06 41 45 39 57 @:arbimex.sarl@gmail.com","article_modified_time":"2025-01-22T05:22:29+00:00","twitter_card":"summary_large_image","twitter_misc":{"Dur\u00e9e de lecture estim\u00e9e":"1 minute"},"schema":{"@context":"https:\/\/schema.org","@graph":[{"@type":"WebPage","@id":"https:\/\/www.dpebastia.arbimexdiagimmo.fr\/index.php\/dpe-borgo-20290\/","url":"https:\/\/www.dpebastia.arbimexdiagimmo.fr\/index.php\/dpe-borgo-20290\/","name":"Diagnostics immobiliers BORGO - 20290 - AUDITS ENERGETIQUE TOUT BATIMENT SUR LA CORSE Contact : 06 41 45 39 57 @:arbimex.sarl@gmail.com","isPartOf":{"@id":"https:\/\/www.dpebastia.arbimexdiagimmo.fr\/#website"},"datePublished":"2024-05-23T15:11:40+00:00","dateModified":"2025-01-22T05:22:29+00:00","description":"AUDITS ENERGETIQUE TOUT BATIMENT SUR LA CORSE Contact : 06 41 45 39 57 @:arbimex.sarl@gmail.com - Diagnostics immobiliers BORGO - 20290","breadcrumb":{"@id":"https:\/\/www.dpebastia.arbimexdiagimmo.fr\/index.php\/dpe-borgo-20290\/#breadcrumb"},"inLanguage":"fr-FR","potentialAction":[{"@type":"ReadAction","target":["https:\/\/www.dpebastia.arbimexdiagimmo.fr\/index.php\/dpe-borgo-20290\/"]}]},{"@type":"BreadcrumbList","@id":"https:\/\/www.dpebastia.arbimexdiagimmo.fr\/index.php\/dpe-borgo-20290\/#breadcrumb","itemListElement":[{"@type":"ListItem","position":1,"name":"Accueil","item":"https:\/\/www.dpebastia.arbimexdiagimmo.fr\/"},{"@type":"ListItem","position":2,"name":"Diagnostics immobiliers BORGO &#8211; 20290"}]},{"@type":"WebSite","@id":"https:\/\/www.dpebastia.arbimexdiagimmo.fr\/#website","url":"https:\/\/www.dpebastia.arbimexdiagimmo.fr\/","name":"ARBIMEX DIAG IMMO","description":"Des experts  de l&#039;audit \u00e9nerg\u00e9tique RGE \u00e9tude  ","publisher":{"@id":"https:\/\/www.dpebastia.arbimexdiagimmo.fr\/#organization"},"potentialAction":[{"@type":"SearchAction","target":{"@type":"EntryPoint","urlTemplate":"https:\/\/www.dpebastia.arbimexdiagimmo.fr\/?s={search_term_string}"},"query-input":{"@type":"PropertyValueSpecification","valueRequired":true,"valueName":"search_term_string"}}],"inLanguage":"fr-FR"},{"@type":"Organization","@id":"https:\/\/www.dpebastia.arbimexdiagimmo.fr\/#organization","name":"ARBIMEX DIAG IMMO","url":"https:\/\/www.dpebastia.arbimexdiagimmo.fr\/","logo":{"@type":"ImageObject","inLanguage":"fr-FR","@id":"https:\/\/www.dpebastia.arbimexdiagimmo.fr\/#\/schema\/logo\/image\/","url":"https:\/\/www.dpebastia.arbimexdiagimmo.fr\/wp-content\/uploads\/2024\/05\/logo-diagimmo.jpg","contentUrl":"https:\/\/www.dpebastia.arbimexdiagimmo.fr\/wp-content\/uploads\/2024\/05\/logo-diagimmo.jpg","width":535,"height":487,"caption":"ARBIMEX DIAG IMMO"},"image":{"@id":"https:\/\/www.dpebastia.arbimexdiagimmo.fr\/#\/schema\/logo\/image\/"},"sameAs":["https:\/\/www.instagram.com\/arbimexbureaudetude\/","https:\/\/www.pagesjaunes.fr\/pros\/62882083?code_localite=22003300&code_rubrique=30050100"]}]}},"_links":{"self":[{"href":"https:\/\/www.dpebastia.arbimexdiagimmo.fr\/index.php\/wp-json\/wp\/v2\/pages\/48","targetHints":{"allow":["GET"]}}],"collection":[{"href":"https:\/\/www.dpebastia.arbimexdiagimmo.fr\/index.php\/wp-json\/wp\/v2\/pages"}],"about":[{"href":"https:\/\/www.dpebastia.arbimexdiagimmo.fr\/index.php\/wp-json\/wp\/v2\/types\/page"}],"author":[{"embeddable":true,"href":"https:\/\/www.dpebastia.arbimexdiagimmo.fr\/index.php\/wp-json\/wp\/v2\/users\/1"}],"replies":[{"embeddable":true,"href":"https:\/\/www.dpebastia.arbimexdiagimmo.fr\/index.php\/wp-json\/wp\/v2\/comments?post=48"}],"version-history":[{"count":4,"href":"https:\/\/www.dpebastia.arbimexdiagimmo.fr\/index.php\/wp-json\/wp\/v2\/pages\/48\/revisions"}],"predecessor-version":[{"id":177,"href":"https:\/\/www.dpebastia.arbimexdiagimmo.fr\/index.php\/wp-json\/wp\/v2\/pages\/48\/revisions\/177"}],"wp:attachment":[{"href":"https:\/\/www.dpebastia.arbimexdiagimmo.fr\/index.php\/wp-json\/wp\/v2\/media?parent=48"}],"curies":[{"name":"wp","href":"https:\/\/api.w.org\/{rel}","templated":true}]}}